{"id":1466,"date":"2022-02-07T12:02:04","date_gmt":"2022-02-07T11:02:04","guid":{"rendered":"https:\/\/www.interskisrb.org.rs\/?page_id=1466"},"modified":"2022-02-07T22:52:07","modified_gmt":"2022-02-07T21:52:07","slug":"decji-demo-tim","status":"publish","type":"page","link":"https:\/\/www.interskisrb.org.rs\/?page_id=1466","title":{"rendered":"\u0414\u0415\u0427\u0408\u0418 \u0414\u0415\u041c\u041e \u0422\u0418\u041c"},"content":{"rendered":"\n<p class=\"has-text-align-center has-white-color has-vivid-cyan-blue-background-color has-text-color has-background\"><strong>KONKURS ZA UPIS ZA PRIPREMU DECE UZRASTA OD 8 \u2013 12 god.<\/strong><\/p>\n\n\n\n<p class=\"has-text-align-center has-white-color has-vivid-cyan-blue-background-color has-text-color has-background\"><strong>ZA IZBOR ZA \u010cLANOVE DE\u010cJEG DEMO TIMA.<\/strong><\/p>\n\n\n\n<p><strong>DE\u010cJI DEMO TIM <\/strong>bi bio sastavljen po uzoru na Demo Tim Srbije od dece koja poka\u017eu najbolje rezultate u prikazu skija\u0161ke tehnike po likovima Srpske \u0161kole skijanja, na rangiranju koje \u0107e se odr\u017eati u Martu neposredno pre po\u010detka postsezonskog kursa za sticanje zvanja intruktora.<\/p>\n\n\n\n<p>\u010clanovi <strong>DE\u010cJEG DEMO TIMA <\/strong>bi bili uklju\u010deni u aktivnosti SOIS organizacije i aktivnosti \u0161kola skijanja tokom naredne sezone.<\/p>\n\n\n\n<p>Koncept rada:<\/p>\n\n\n\n<ol type=\"1\"><li>Trening sesije bi se odvijale po\u010dev\u0161i od 18.02.2022. u periodima produ\u017eenog vikenda Petak \u2013 Nedelja (drugi termini po potrebi).<\/li><li>Rad sa decom bi obavljali samo instruktori nosioci medjunarodne ISIA licence i \u010dlanovi Demo tima Srbije..<\/li><li>Dnevni rad bi se obavljao u 3 segmenta od \u010dega su 2 segmenta predvidjena za rad na tehnici skijanja, a jedan segment za poligonski i\/ili rad u kapijama.<\/li><li>Rad na tehnici bi bio baziran na tehnici RANOG VODJENJA (EARLY EDGING) i na likovima Srpske \u0161kole skijanja.<\/li><li>Svi likovi i tehnike izvodjenja bi unapred bili dostupni u vidu video materijala.<\/li><li>Minimalan br. prijavljene dece za sprovodjenje rada je 5.<\/li><li>Cena po ve\u017ebaju\u0107em danu po detetu 40eur (u din. protivvrednosti po srednjem kursu NBS na dan uplate).<\/li><li>Preliminarne prijave dece SMS porukom na 065 65 65 750. Sadr\u017eaj poruke:<ol><li>Ime, ime roditelja, prezime (deteta)<\/li><li>Datum rodjenja<\/li><li>Br. sezona skijanja<\/li><li>Da li je dete \u010dlan ski kluba i ako jeste naziv kluba<\/li><li>Kontakt tel. za formiranje viber grupe.<\/li><\/ol><\/li><\/ol>\n\n\n\n<p><strong>Info \u2013 065 65 65 750<\/strong><\/p>\n\n\n\n<figure class=\"wp-block-image size-full\"><a href=\"https:\/\/www.interskisrb.org.rs\/wp-content\/uploads\/2022\/02\/image-15.png\"><img decoding=\"async\" loading=\"lazy\" width=\"899\" height=\"587\" src=\"https:\/\/www.interskisrb.org.rs\/wp-content\/uploads\/2022\/02\/image-15.png\" alt=\"\" class=\"wp-image-1539\" srcset=\"https:\/\/www.interskisrb.org.rs\/wp-content\/uploads\/2022\/02\/image-15.png 899w, https:\/\/www.interskisrb.org.rs\/wp-content\/uploads\/2022\/02\/image-15-300x196.png 300w, https:\/\/www.interskisrb.org.rs\/wp-content\/uploads\/2022\/02\/image-15-768x501.png 768w\" sizes=\"(max-width: 767px) 89vw, (max-width: 1000px) 54vw, (max-width: 1071px) 543px, 580px\" \/><\/a><\/figure>\n\n\n\n<p><\/p>\n","protected":false},"excerpt":{"rendered":"KONKURS ZA UPIS ZA PRIPREMU DECE UZRASTA OD 8 \u2013 12 god. ZA IZBOR ZA \u010cLANOVE DE\u010cJEG DEMO TIMA. DE\u010cJI DEMO TIM bi bio sastavljen po uzoru na Demo Tim Srbije od dece koja poka\u017eu najbolje rezultate u prikazu skija\u0161ke tehnike po likovima Srpske \u0161kole skijanja, na rangiranju koje \u0107e se odr\u017eati u Martu neposredno &hellip; <p class=\"link-more\"><a href=\"https:\/\/www.interskisrb.org.rs\/?page_id=1466\" class=\"more-link\">\u041d\u0430\u0441\u0442\u0430\u0432\u0438 \u0441\u0430 \u0447\u0438\u0442\u0430\u045a\u0435\u043c<span class=\"screen-reader-text\"> &#8222;\u0414\u0415\u0427\u0408\u0418 \u0414\u0415\u041c\u041e \u0422\u0418\u041c&#8220;<\/span><\/a><\/p>","protected":false},"author":1,"featured_media":1478,"parent":0,"menu_order":0,"comment_status":"closed","ping_status":"closed","template":"","meta":[],"_links":{"self":[{"href":"https:\/\/www.interskisrb.org.rs\/index.php?rest_route=\/wp\/v2\/pages\/1466"}],"collection":[{"href":"https:\/\/www.interskisrb.org.rs\/index.php?rest_route=\/wp\/v2\/pages"}],"about":[{"href":"https:\/\/www.interskisrb.org.rs\/index.php?rest_route=\/wp\/v2\/types\/page"}],"author":[{"embeddable":true,"href":"https:\/\/www.interskisrb.org.rs\/index.php?rest_route=\/wp\/v2\/users\/1"}],"replies":[{"embeddable":true,"href":"https:\/\/www.interskisrb.org.rs\/index.php?rest_route=%2Fwp%2Fv2%2Fcomments&post=1466"}],"version-history":[{"count":8,"href":"https:\/\/www.interskisrb.org.rs\/index.php?rest_route=\/wp\/v2\/pages\/1466\/revisions"}],"predecessor-version":[{"id":1549,"href":"https:\/\/www.interskisrb.org.rs\/index.php?rest_route=\/wp\/v2\/pages\/1466\/revisions\/1549"}],"wp:featuredmedia":[{"embeddable":true,"href":"https:\/\/www.interskisrb.org.rs\/index.php?rest_route=\/wp\/v2\/media\/1478"}],"wp:attachment":[{"href":"https:\/\/www.interskisrb.org.rs\/index.php?rest_route=%2Fwp%2Fv2%2Fmedia&parent=1466"}],"curies":[{"name":"wp","href":"https:\/\/api.w.org\/{rel}","templated":true}]}}