{"id":1485,"date":"2022-02-07T07:02:54","date_gmt":"2022-02-07T06:02:54","guid":{"rendered":"https:\/\/www.interskisrb.org.rs\/?page_id=1485"},"modified":"2022-02-07T12:49:46","modified_gmt":"2022-02-07T11:49:46","slug":"zasto-sois-kursevi","status":"publish","type":"page","link":"https:\/\/www.interskisrb.org.rs\/?page_id=1485","title":{"rendered":"\u0417\u0410\u0428\u0422\u041e \u0421\u041e\u0418\u0421 \u041a\u0423\u0420\u0421\u0415\u0412\u0418?"},"content":{"rendered":"\n<p><strong>O nama:<\/strong><\/p>\n\n\n\n<p>SOIS je strukovna organizacija instruktora skijanja i snouborda osnovana 2011. god. i predstavnik je medjunarodne asocijacije profesionalnih instruktora skijanja i snouborda ISIA u Srbiji. SOIS (i organizacija koja je prethodila SOIS) su po\u010dev\u0161i od 2004. god. edukovale vi\u0161e od 95% instruktora skijanja i snouborda koji trenutno rade u R. Srbiji.<\/p>\n\n\n\n<p>SOIS je, do pre nekoliko godina, bio i jedina organizacija koja je sprovodila kurseve stru\u010dnog ospsobljavanja u Srbiji. Sa pojavom novih organizacija koje su po\u010dele da sprovode ovakve kurseve SOIS je ostala organizacija sa najvi\u0161im kvalitetom u ovoj oblasti, budu\u0107i da u svom radu prati medjunarodne standarde koje sprovodi ISIA i jedina je organizacija u Srbiji koja ima pravo izdavanja medjunarodno prihva\u0107enih ISIA&nbsp; licenci (dozvola za rad).<\/p>\n\n\n\n<figure class=\"wp-block-image size-full\"><a href=\"https:\/\/www.interskisrb.org.rs\/wp-content\/uploads\/2022\/02\/image-12.png\"><img decoding=\"async\" loading=\"lazy\" width=\"366\" height=\"274\" src=\"https:\/\/www.interskisrb.org.rs\/wp-content\/uploads\/2022\/02\/image-12.png\" alt=\"\" class=\"wp-image-1486\" srcset=\"https:\/\/www.interskisrb.org.rs\/wp-content\/uploads\/2022\/02\/image-12.png 366w, https:\/\/www.interskisrb.org.rs\/wp-content\/uploads\/2022\/02\/image-12-300x225.png 300w\" sizes=\"(max-width: 366px) 100vw, 366px\" \/><\/a><\/figure>\n\n\n\n<p><strong>Uvod:<\/strong><\/p>\n\n\n\n<p>Svedoci smo, u poslednjih nekoliko godina, pojave niza, kako kurseva za sticanje zvanja instruktora (koje sprovode razne organizacije u oblasti sporta) tako i kurseva za unapredjenje tehnike skijanja, koje sprovode pojedinci \u2013 instruktori. Svi ovi kursevi se temelje na metodici i tehnici koje su uz manje izmene prisutne ve\u0107 dugi niz godina, zapravo ista tehnika i metodika obuke je prisutna jo\u0161 iz vremena stare konstrukcije skija (pre 2000. god.). Sa pojavom KARVING skija do\u0161lo je do odre\u0111enih promena u tehnici, kako bi se maksimalno iskoristile prednosti nove konstrukcije&nbsp; skija, ali se sa promenama u metodici obuke, prakti\u010dno,&nbsp; ni\u0161ta se zna\u010dajno nije de\u0161avalo. Prva promena i to bitna, u oblasti metodike obuke, dogodila se 2006. god. sa nastankom UPS metoda u\u010denja \u010diji je tvorac G-din Sandi Murovec koji je i dugogodi\u0161nji saradnik SOIS organizacije i u\u010desnik na kursevima u organizaciji SOIS. Sandi Murovec je i dugogodi\u0161nji demonstrator i \u010dlan Demo tima Slovenije, a dugi niz godina je slovio i za jednog od najboljih svetskih demonstratora. SOIS je, u saradnji sa G-dinom Murovcem, drefinisala i promovisala svoju, modifikovanu, metodiku obuke skijanja u periodu 2016.-2018. god.&nbsp; Kao i UPS metodika i modifikovana metodika SOIS se bazira na osnovama skijanja koje nisu promenjene, ali uvodi i detalje koji idu u korak sa razvojem opreme tj. razvojem karving skija i novim mogu\u0107nostima koje ove skije pru\u017eaju, a tu prvenstveno mislimo na mogu\u0107nost ostvarivanja zaokreta ureznom &#8211; karving tehnikom gotovo bez otklizavanja (\u010desto i ka\u017eemo &#8211; bez otklizavanja).<\/p>\n\n\n\n<p>Sve gore pomenuto neminovno je vodilo ka bitnoj promeni u na\u010dinu (\u010ditaj tehnici izvodjenja) zaokreta na karving skijama i to se, napokon, dogodilo pre 5-6 godina, kada se pojavila grupa instruktora i demonstratora skijanja iz Novog Zelanda, Japana i Kanade koji su promovisali skija\u0161ku tehniku koju su nazvali \u201eEARLY EDGING\u201c. SOIS je, takodje, pre 4 godine, nezavisno od ove grupe, pokrenuo sli\u010dnu transformaciju u skija\u0161koj tehnici pod nazivom \u201eRANO VODJENJE\u201c. U su\u0161tini, oba pristupa tretiraju isto pitanje, a to je, kako sa \u0161to manje vertikalnih oscilacija te\u017ei\u0161ta tela, vr\u0161iti promene pravca kretanja (zaokrete) i kako \u0161to ranije ostvariti pritisak skija na podlogu (urezivanje skija). SOIS je akcenat dao na metodici u\u010denja ove tehnike i \u201ealatima\u201c za \u0161to efikasnije usvajanje novih motori\u010dkih radnji koje su potrebne za skijanje tehnikom \u201eRANOG VODJENJA\u201c (\u201eEARLY EDGING\u201c).<\/p>\n\n\n\n<p>Predstoje\u0107e zimske sezone, 2021\/22, SOIS po\u010dinje sa kursevima koji imaju za cilj ovladavanje tehnikom RANOG VODJENJA. Kursevi \u0107e biti organizovani u tri segmenta:<\/p>\n\n\n\n<ol type=\"1\"><li><strong>KURSEVI ZA NAPREDNE SKIJA\u0160E<\/strong><\/li><\/ol>\n\n\n\n<p>Namejeni su naprednim skija\u0161ima koji \u017eele da pobolj\u0161aju celokupnu tehniku skijanja u smeru RANOG VODJENJA. Osnovni cilj ovog kursa je da polaznici ovladaju pravovremeno\u0161\u0107u, tehni\u010dkom ispravno\u0161\u010du i uskladjeno\u0161\u0107u pokreta, u cilju dobijanja slivenih i tehni\u010dki ispravnih kretnji na skijama kao preduslova za dalje napredovanje. Ovaj kurs bi bio i pripremni za sve koji \u017eele da pohadjaju kurs za sticanje zvanja, ali ne predstavlja uslov da bi se pristupilo kursu za sticanje zvanja.<\/p>\n\n\n\n<p>2. <strong>KURSEVI ZA STICANJE ZVANJA INSTRUKTORA<\/strong><\/p>\n\n\n\n<p>Odvija\u0107e se po planu i programu koji odgovara ISIA standardima kao i doma\u0107em zakonodavstvu i osnovni cilj kursa je ovladavanje ve\u0161tinama vezanim za preno\u0161enje znanja tj. samostalno vodjenje obuke skijanja. Polaznici koji polo\u017ee kurs dobijaju uverenje o ste\u010denom stru\u010dnom zvanju. Postoja\u0107e vi\u0161e nivoa ovih kurseva od kojih najvi\u0161i nivo ima pravo na medjunarodnu profesionalnu licencu ISIA.<\/p>\n\n\n\n<p>3. <strong>KURSEVI ZA UNAPRE\u0110ENJE VRHUNSKE TEHNIKE SKIJANJA<\/strong><\/p>\n\n\n\n<p>Namenjeni su svima (rekreativnim skija\u0161ima, instruktorima skijanja i drugima), a osnovni cilj je maksimalno ovladavanje tehnikom RANOG VODJENJA.<\/p>\n\n\n\n<p><strong>SVI KURSEVI SU KOMPATIBILNI I TEME KOJE SE OBRADJUJU PREDSTAVLJAJU JEDINSTVENU CELINU, SAMO SE U ZAVISNOSTI OD KURSA&nbsp; STAVLJA AKCENT NA RAZLI\u010cITE SEGMENTE.<\/strong><\/p>\n\n\n\n<p><strong>KURSEVI \u0106E BITI ORGANIZOVANI U PREDSEZONI \u2013 MESEC DECEMBAR I POSTSEZONI \u2013 MESEC MART.<\/strong><\/p>\n\n\n\n<p><strong>U SLU\u010cAJU DOVOLJNOG INTERESOVANJA KURSEVI \u0106E BITI ORGANIZOVANI I TOKOM SEZONE.<\/strong><\/p>\n\n\n\n<figure class=\"wp-block-image\"><img decoding=\"async\" src=\"https:\/\/www.interskisrb.org.rs\/wp-content\/uploads\/2019\/10\/ISIA-300x227.png\" alt=\"\u041e\u0432\u0430 \u0441\u043b\u0438\u043a\u0430 \u0438\u043c\u0430 \u043f\u0440\u0430\u0437\u0430\u043d alt \u0430\u0442\u0440\u0438\u0431\u0443\u0442; \u0438\u043c\u0435 \u045a\u0435\u043d\u0435 \u0434\u0430\u0442\u043e\u0442\u0435\u043a\u0435 \u0458\u0435 ISIA-300x227.png\"\/><\/figure>\n","protected":false},"excerpt":{"rendered":"O nama: SOIS je strukovna organizacija instruktora skijanja i snouborda osnovana 2011. god. i predstavnik je medjunarodne asocijacije profesionalnih instruktora skijanja i snouborda ISIA u Srbiji. SOIS (i organizacija koja je prethodila SOIS) su po\u010dev\u0161i od 2004. god. edukovale vi\u0161e od 95% instruktora skijanja i snouborda koji trenutno rade u R. Srbiji. SOIS je, do &hellip; <p class=\"link-more\"><a href=\"https:\/\/www.interskisrb.org.rs\/?page_id=1485\" class=\"more-link\">\u041d\u0430\u0441\u0442\u0430\u0432\u0438 \u0441\u0430 \u0447\u0438\u0442\u0430\u045a\u0435\u043c<span class=\"screen-reader-text\"> &#8222;\u0417\u0410\u0428\u0422\u041e \u0421\u041e\u0418\u0421 \u041a\u0423\u0420\u0421\u0415\u0412\u0418?&#8220;<\/span><\/a><\/p>","protected":false},"author":1,"featured_media":0,"parent":0,"menu_order":0,"comment_status":"closed","ping_status":"closed","template":"","meta":[],"_links":{"self":[{"href":"https:\/\/www.interskisrb.org.rs\/index.php?rest_route=\/wp\/v2\/pages\/1485"}],"collection":[{"href":"https:\/\/www.interskisrb.org.rs\/index.php?rest_route=\/wp\/v2\/pages"}],"about":[{"href":"https:\/\/www.interskisrb.org.rs\/index.php?rest_route=\/wp\/v2\/types\/page"}],"author":[{"embeddable":true,"href":"https:\/\/www.interskisrb.org.rs\/index.php?rest_route=\/wp\/v2\/users\/1"}],"replies":[{"embeddable":true,"href":"https:\/\/www.interskisrb.org.rs\/index.php?rest_route=%2Fwp%2Fv2%2Fcomments&post=1485"}],"version-history":[{"count":2,"href":"https:\/\/www.interskisrb.org.rs\/index.php?rest_route=\/wp\/v2\/pages\/1485\/revisions"}],"predecessor-version":[{"id":1545,"href":"https:\/\/www.interskisrb.org.rs\/index.php?rest_route=\/wp\/v2\/pages\/1485\/revisions\/1545"}],"wp:attachment":[{"href":"https:\/\/www.interskisrb.org.rs\/index.php?rest_route=%2Fwp%2Fv2%2Fmedia&parent=1485"}],"curies":[{"name":"wp","href":"https:\/\/api.w.org\/{rel}","templated":true}]}}