{"id":1494,"date":"2022-02-07T07:08:03","date_gmt":"2022-02-07T06:08:03","guid":{"rendered":"https:\/\/www.interskisrb.org.rs\/?page_id=1494"},"modified":"2022-02-07T09:21:12","modified_gmt":"2022-02-07T08:21:12","slug":"novi-sistem-sois-kurseva-2","status":"publish","type":"page","link":"https:\/\/www.interskisrb.org.rs\/?page_id=1494","title":{"rendered":"\u041d\u041e\u0412\u0418 \u0421\u0418\u0421\u0422\u0415\u041c \u0421\u041e\u0418\u0421 \u041a\u0423\u0420\u0421\u0415\u0412\u0410"},"content":{"rendered":"\n<p>Predstoje\u0107e zimske sezone, 2021\/22, SOIS po\u010dinje sa kursevima koji imaju za cilj ovladavanje tehnikom RANOG VODJENJA. Kursevi \u0107e biti organizovani u tri segmenta:<\/p>\n\n\n\n<ol class=\"has-white-color has-vivid-cyan-blue-background-color has-text-color has-background\"><li><strong>KURSEVI ZA NAPREDNE SKIJA\u0160E<\/strong><\/li><\/ol>\n\n\n\n<p>Namejeni su naprednim skija\u0161ima koji \u017eele da pobolj\u0161aju celokupnu tehniku skijanja u smeru RANOG VODJENJA. Osnovni cilj ovog kursa je da polaznici ovladaju pravovremeno\u0161\u0107u, tehni\u010dkom ispravno\u0161\u010du i uskladjeno\u0161\u0107u pokreta, u cilju dobijanja slivenih i tehni\u010dki ispravnih kretnji na skijama kao preduslova za dalje napredovanje. Ovaj kurs bi bio i pripremni za sve koji \u017eele da pohadjaju kurs za sticanje zvanja, ali ne predstavlja uslov da bi se pristupilo kursu za sticanje zvanja.<\/p>\n\n\n\n<p class=\"has-white-color has-vivid-cyan-blue-background-color has-text-color has-background\">2. <strong>KURSEVI ZA STICANJE ZVANJA INSTRUKTORA<\/strong><\/p>\n\n\n\n<p>Odvija\u0107e se po planu i programu koji odgovara ISIA standardima kao i doma\u0107em zakonodavstvu i osnovni cilj kursa je ovladavanje ve\u0161tinama vezanim za preno\u0161enje znanja tj. samostalno vodjenje obuke skijanja. Polaznici koji polo\u017ee kurs dobijaju uverenje o ste\u010denom stru\u010dnom zvanju. Postoja\u0107e vi\u0161e nivoa ovih kurseva od kojih najvi\u0161i nivo ima pravo na medjunarodnu profesionalnu licencu ISIA.<\/p>\n\n\n\n<p class=\"has-white-color has-vivid-cyan-blue-background-color has-text-color has-background\">3. <strong>KURSEVI ZA UNAPRE\u0110ENJE VRHUNSKE TEHNIKE SKIJANJA<\/strong><\/p>\n\n\n\n<p>Namenjeni su svima (rekreativnim skija\u0161ima, instruktorima skijanja i drugima), a osnovni cilj je maksimalno ovladavanje tehnikom RANOG VODJENJA.<\/p>\n\n\n\n<p class=\"has-white-color has-luminous-vivid-orange-background-color has-text-color has-background\"><strong>SVI KURSEVI SU KOMPATIBILNI I TEME KOJE SE OBRADJUJU PREDSTAVLJAJU JEDINSTVENU CELINU, SAMO SE U ZAVISNOSTI OD KURSA&nbsp; STAVLJA AKCENT NA RAZLI\u010cITE SEGMENTE.<\/strong><\/p>\n\n\n\n<p class=\"has-white-color has-luminous-vivid-orange-background-color has-text-color has-background\"><strong>KURSEVI \u0106E BITI ORGANIZOVANI U PREDSEZONI \u2013 MESEC DECEMBAR I POSTSEZONI \u2013 MESEC MART.<\/strong><\/p>\n\n\n\n<p class=\"has-white-color has-luminous-vivid-orange-background-color has-text-color has-background\"><strong>U SLU\u010cAJU DOVOLJNOG INTERESOVANJA KURSEVI \u0106E BITI ORGANIZOVANI I TOKOM SEZONE.<\/strong><\/p>\n\n\n\n<figure class=\"wp-block-image is-resized\"><img decoding=\"async\" loading=\"lazy\" src=\"https:\/\/www.interskisrb.org.rs\/wp-content\/uploads\/2021\/11\/image.png\" alt=\"\" width=\"840\" height=\"586\"\/><\/figure>\n","protected":false},"excerpt":{"rendered":"Predstoje\u0107e zimske sezone, 2021\/22, SOIS po\u010dinje sa kursevima koji imaju za cilj ovladavanje tehnikom RANOG VODJENJA. Kursevi \u0107e biti organizovani u tri segmenta: KURSEVI ZA NAPREDNE SKIJA\u0160E Namejeni su naprednim skija\u0161ima koji \u017eele da pobolj\u0161aju celokupnu tehniku skijanja u smeru RANOG VODJENJA. Osnovni cilj ovog kursa je da polaznici ovladaju pravovremeno\u0161\u0107u, tehni\u010dkom ispravno\u0161\u010du i uskladjeno\u0161\u0107u &hellip; <p class=\"link-more\"><a href=\"https:\/\/www.interskisrb.org.rs\/?page_id=1494\" class=\"more-link\">\u041d\u0430\u0441\u0442\u0430\u0432\u0438 \u0441\u0430 \u0447\u0438\u0442\u0430\u045a\u0435\u043c<span class=\"screen-reader-text\"> &#8222;\u041d\u041e\u0412\u0418 \u0421\u0418\u0421\u0422\u0415\u041c \u0421\u041e\u0418\u0421 \u041a\u0423\u0420\u0421\u0415\u0412\u0410&#8220;<\/span><\/a><\/p>","protected":false},"author":1,"featured_media":0,"parent":0,"menu_order":0,"comment_status":"closed","ping_status":"closed","template":"","meta":[],"_links":{"self":[{"href":"https:\/\/www.interskisrb.org.rs\/index.php?rest_route=\/wp\/v2\/pages\/1494"}],"collection":[{"href":"https:\/\/www.interskisrb.org.rs\/index.php?rest_route=\/wp\/v2\/pages"}],"about":[{"href":"https:\/\/www.interskisrb.org.rs\/index.php?rest_route=\/wp\/v2\/types\/page"}],"author":[{"embeddable":true,"href":"https:\/\/www.interskisrb.org.rs\/index.php?rest_route=\/wp\/v2\/users\/1"}],"replies":[{"embeddable":true,"href":"https:\/\/www.interskisrb.org.rs\/index.php?rest_route=%2Fwp%2Fv2%2Fcomments&post=1494"}],"version-history":[{"count":4,"href":"https:\/\/www.interskisrb.org.rs\/index.php?rest_route=\/wp\/v2\/pages\/1494\/revisions"}],"predecessor-version":[{"id":1520,"href":"https:\/\/www.interskisrb.org.rs\/index.php?rest_route=\/wp\/v2\/pages\/1494\/revisions\/1520"}],"wp:attachment":[{"href":"https:\/\/www.interskisrb.org.rs\/index.php?rest_route=%2Fwp%2Fv2%2Fmedia&parent=1494"}],"curies":[{"name":"wp","href":"https:\/\/api.w.org\/{rel}","templated":true}]}}