{"id":1630,"date":"2022-03-17T01:20:01","date_gmt":"2022-03-17T00:20:01","guid":{"rendered":"https:\/\/www.interskisrb.org.rs\/?page_id=1630"},"modified":"2022-03-17T01:20:01","modified_gmt":"2022-03-17T00:20:01","slug":"elektronska-forma-prijave-za-str-usavrsavanje-overu-zvanja","status":"publish","type":"page","link":"https:\/\/www.interskisrb.org.rs\/?page_id=1630","title":{"rendered":"\u0415\u041b\u0415\u041a\u0422\u0420\u041e\u041d\u0421\u041a\u0410 \u0424\u041e\u0420\u041c\u0410 \u041f\u0420\u0418\u0408\u0410\u0412\u0415 \u0417\u0410 \u0421\u0422\u0420. \u0423\u0421\u0410\u0412\u0420\u0428\u0410\u0412\u0410\u040a\u0415 (\u041e\u0412\u0415\u0420\u0423 \u0417\u0412\u0410\u040a\u0410)"},"content":{"rendered":"\n<div class=\"wp-block-contact-form-7-contact-form-selector\">\n<div class=\"wpcf7 no-js\" id=\"wpcf7-f1629-o1\" lang=\"sr-RS\" dir=\"ltr\">\n<div class=\"screen-reader-response\"><p role=\"status\" aria-live=\"polite\" aria-atomic=\"true\"><\/p> <ul><\/ul><\/div>\n<form action=\"\/index.php?rest_route=%2Fwp%2Fv2%2Fpages%2F1630#wpcf7-f1629-o1\" method=\"post\" class=\"wpcf7-form init\" aria-label=\"Contact form\" enctype=\"multipart\/form-data\" novalidate=\"novalidate\" data-status=\"init\">\n<div style=\"display: none;\">\n<input type=\"hidden\" name=\"_wpcf7\" value=\"1629\" \/>\n<input type=\"hidden\" name=\"_wpcf7_version\" value=\"5.7.5.1\" \/>\n<input type=\"hidden\" name=\"_wpcf7_locale\" value=\"sr_RS\" \/>\n<input type=\"hidden\" name=\"_wpcf7_unit_tag\" value=\"wpcf7-f1629-o1\" \/>\n<input type=\"hidden\" name=\"_wpcf7_container_post\" value=\"0\" \/>\n<input type=\"hidden\" name=\"_wpcf7_posted_data_hash\" value=\"\" \/>\n<\/div>\n<p><label> !!!! POTREBNO JE POPUNITI SVA POLJA<br \/>\n!!! KORISTITE LATINICU SA SLOVIMA \u0160\u0161, \u0106\u0107, \u0110\u0111, \u010c\u010d<br \/>\n>>> \u041f\u0440\u0435\u043c\u0430 \u041f\u0440\u0430\u0432\u0438\u043b\u043d\u0438\u043a\u0443 \u043e \u0441\u0442\u0440\u0443\u0447\u043d\u043e\u043c \u043e\u0441\u043f\u043e\u0441\u043e\u0431\u0459\u0430\u0432\u0430\u045a\u0443 \u0438 \u0443\u0441\u0430\u0432\u0440\u0448\u0430\u0432\u0430\u045a\u0443 \u043d\u0430 \u0433\u043e\u0434\u0438\u0448\u045a\u0435\u043c \u043d\u0438\u0432\u043e\u0443 \u0458\u0435 \u043f\u043e\u0442\u0440\u0435\u0431\u043d\u043e \u0438\u0437\u0432\u0440\u0448\u0438\u0442\u0438 \u0421\u0422\u0420\u0423\u0427\u041d\u041e \u0423\u0421\u0410\u0412\u0420\u0428\u0410\u0412\u0410\u040a\u0415 (\u043e\u0432\u0435\u0440\u0443 \u0437\u0432\u0430\u045a\u0430) \u0443 \u0442\u0440\u0430\u0458\u0430\u045a\u0443 \u043e\u0434 9 \u0447\u0430\u0441\u043e\u0432\u0430 (8 \u0441\u0430\u0442\u0438) \u043a\u0430\u043e \u0443\u0441\u043b\u043e\u0432 \u0437\u0430 \u0434\u043e\u0437\u0432\u043e\u043b\u0443 \u0437\u0430 \u0440\u0430\u0434 \u0437\u0430 \u043d\u0430\u0440\u0435\u0434\u043d\u0443 \u0441\u0435\u0437\u043e\u043d\u0443.<br \/>\n<label><br \/>\nime polaznika<br \/>\n<span class=\"wpcf7-form-control-wrap\" data-name=\"ime\"><input size=\"40\" class=\"wpcf7-form-control wpcf7-text wpcf7-validates-as-required\" aria-required=\"true\" aria-invalid=\"false\" value=\"\" type=\"text\" name=\"ime\" \/><\/span><br \/>\n<\/label><br \/>\n<label><br \/>\nime jednog roditelja<br \/>\n<span class=\"wpcf7-form-control-wrap\" data-name=\"ime_rod\"><input size=\"40\" class=\"wpcf7-form-control wpcf7-text wpcf7-validates-as-required\" aria-required=\"true\" aria-invalid=\"false\" value=\"\" type=\"text\" name=\"ime_rod\" \/><\/span><br \/>\n<\/label><br \/>\n<label><br \/>\nprezime<br \/>\n<span class=\"wpcf7-form-control-wrap\" data-name=\"prezime\"><input size=\"40\" class=\"wpcf7-form-control wpcf7-text wpcf7-validates-as-required\" aria-required=\"true\" aria-invalid=\"false\" value=\"\" type=\"text\" name=\"prezime\" \/><\/span><br \/>\n<\/label><br \/>\n<label><br \/>\ndatum ro\u0111enja<br \/>\n<span class=\"wpcf7-form-control-wrap\" data-name=\"datum_rodj\"><input class=\"wpcf7-form-control wpcf7-date wpcf7-validates-as-required wpcf7-validates-as-date\" aria-required=\"true\" aria-invalid=\"false\" placeholder=\"dd.mm.gggg\" value=\"\" type=\"date\" name=\"datum_rodj\" \/><\/span><br \/>\n<\/label><br \/>\n<label><br \/>\nbr. telefona<br \/>\n<span class=\"wpcf7-form-control-wrap\" data-name=\"telefon\"><input size=\"40\" class=\"wpcf7-form-control wpcf7-text wpcf7-tel wpcf7-validates-as-required wpcf7-validates-as-tel\" aria-required=\"true\" aria-invalid=\"false\" placeholder=\"!!! 06X1234567\" value=\"\" type=\"tel\" name=\"telefon\" \/><\/span><br \/>\n<\/label><br \/>\n<label><br \/>\ne-mail<br \/>\n<span class=\"wpcf7-form-control-wrap\" data-name=\"email\"><input size=\"40\" class=\"wpcf7-form-control wpcf7-text wpcf7-email wpcf7-validates-as-required wpcf7-validates-as-email\" aria-required=\"true\" aria-invalid=\"false\" value=\"\" type=\"email\" name=\"email\" \/><\/span><br \/>\n<\/label><br \/>\n<label><br \/>\ndisciplina<br \/>\n<span class=\"wpcf7-form-control-wrap\" data-name=\"sp_discip\"><select class=\"wpcf7-form-control wpcf7-select wpcf7-validates-as-required\" aria-required=\"true\" aria-invalid=\"false\" name=\"sp_discip\"><option value=\"\">&#8212;Please choose an option&#8212;<\/option><option value=\"SKI\">SKI<\/option><option value=\"BORD\">BORD<\/option><\/select><\/span><br \/>\n<\/label><br \/>\n<label><br \/>\nzvanje za koje se prijavljuje<br \/>\n<span class=\"wpcf7-form-control-wrap\" data-name=\"sp_zvanje\"><select class=\"wpcf7-form-control wpcf7-select wpcf7-validates-as-required\" aria-required=\"true\" aria-invalid=\"false\" name=\"sp_zvanje\"><option value=\"\">&#8212;Please choose an option&#8212;<\/option><option value=\"Sportski demonstrator (60 \u010d)\">Sportski demonstrator (60 \u010d)<\/option><option value=\"Sportski demonstrator - II (240 \u010d)\">Sportski demonstrator - II (240 \u010d)<\/option><option value=\"Sportski instruktor - I (120\u010d)\">Sportski instruktor - I (120\u010d)<\/option><option value=\"Sportski instruktor - II (240\u010d)\">Sportski instruktor - II (240\u010d)<\/option><option value=\"Sportski instruktor - III (360\u010d) ISIA\">Sportski instruktor - III (360\u010d) ISIA<\/option><option value=\"Sportski u\u010ditelj - I (120\u010d)\">Sportski u\u010ditelj - I (120\u010d)<\/option><option value=\"Sportski u\u010ditelj - II (240\u010d)\">Sportski u\u010ditelj - II (240\u010d)<\/option><option value=\"Sportski u\u010ditelj - III (360\u010d)\">Sportski u\u010ditelj - III (360\u010d)<\/option><\/select><\/span><br \/>\n<\/label><br \/>\n<label><br \/>\nmesto odr\u017eavanja kursa<br \/>\n<span class=\"wpcf7-form-control-wrap\" data-name=\"mesto_kursa\"><select class=\"wpcf7-form-control wpcf7-select wpcf7-validates-as-required\" aria-required=\"true\" aria-invalid=\"false\" name=\"mesto_kursa\"><option value=\"\">&#8212;Please choose an option&#8212;<\/option><option value=\"EXPO-ZIM\">EXPO-ZIM<\/option><option value=\"ONLAJN\">ONLAJN<\/option><option value=\"KOPAONIK\">KOPAONIK<\/option><option value=\"St. PLANINA\">St. PLANINA<\/option><option value=\"TORNIK\">TORNIK<\/option><\/select><\/span><br \/>\n<\/label><br \/>\n<label><br \/>\ndatum za koji se prijavljujete u okviru ponu\u0111enih perioda<br \/>\n<span class=\"wpcf7-form-control-wrap\" data-name=\"datum_ovr\"><input class=\"wpcf7-form-control wpcf7-date wpcf7-validates-as-required wpcf7-validates-as-date\" aria-required=\"true\" aria-invalid=\"false\" placeholder=\"dd.mm.gggg\" value=\"\" type=\"date\" name=\"datum_ovr\" \/><\/span><br \/>\n<\/label><br \/>\n<label><br \/>\n!!!\u0421\u0410\u041c\u041e \u0417\u0410 \u041f\u041e\u041b\u0410\u0417\u041d\u0418\u041a\u0415 \u041a\u041e\u0408\u0418 \u0417\u0412\u0410\u040a\u0415 \u041a\u041e\u0408\u0415 \u041e\u0412\u0415\u0420\u0410\u0412\u0410\u0408\u0423 \u041d\u0418\u0421\u0423 \u0421\u0422\u0415\u041a\u041b\u0418 \u0423 \u0421\u041e\u0418\u0421!!!<br \/>\n\u0414\u043e\u0441\u0442\u0430\u0432\u0438\u0442\u0438 \u0423\u0412\u0415\u0420\u0415\u040a\u0415 \u043e \u0441\u0442\u0435\u0447\u0435\u043d\u043e\u043c \u0437\u0432\u0430\u045a\u0443 \u043e\u0440\u0433\u0430\u043d\u0438\u0437\u0430\u0446\u0438\u0458\u0435 \u0433\u0434\u0435 \u0441\u0442\u0435 \u0437\u0432\u0430\u045a\u0435 \u0441\u0442\u0435\u043a\u043b\u0438. \u041d\u0410\u0417\u0418\u0412 \u0424\u0410\u0408\u041b\u0410: ImePrezime_UVE \u043d\u043f\u0440. \"PetarPetrovic_UVE\"<br \/>\n<span class=\"wpcf7-form-control-wrap\" data-name=\"Uve\"><input size=\"40\" class=\"wpcf7-form-control wpcf7-file\" accept=\".pdf\" aria-invalid=\"false\" type=\"file\" name=\"Uve\" \/><\/span><br \/>\n<\/label><br \/>\n<label><br \/>\n<input class=\"wpcf7-form-control has-spinner wpcf7-submit\" type=\"submit\" value=\"PO\u0160ALJI\" \/><br \/>\n<\/label><\/label>\n<\/p><div class=\"wpcf7-response-output\" aria-hidden=\"true\"><\/div>\n<\/form>\n<\/div>\n<\/div>\n","protected":false},"excerpt":{"rendered":"","protected":false},"author":1,"featured_media":0,"parent":0,"menu_order":0,"comment_status":"closed","ping_status":"closed","template":"","meta":[],"_links":{"self":[{"href":"https:\/\/www.interskisrb.org.rs\/index.php?rest_route=\/wp\/v2\/pages\/1630"}],"collection":[{"href":"https:\/\/www.interskisrb.org.rs\/index.php?rest_route=\/wp\/v2\/pages"}],"about":[{"href":"https:\/\/www.interskisrb.org.rs\/index.php?rest_route=\/wp\/v2\/types\/page"}],"author":[{"embeddable":true,"href":"https:\/\/www.interskisrb.org.rs\/index.php?rest_route=\/wp\/v2\/users\/1"}],"replies":[{"embeddable":true,"href":"https:\/\/www.interskisrb.org.rs\/index.php?rest_route=%2Fwp%2Fv2%2Fcomments&post=1630"}],"version-history":[{"count":2,"href":"https:\/\/www.interskisrb.org.rs\/index.php?rest_route=\/wp\/v2\/pages\/1630\/revisions"}],"predecessor-version":[{"id":1994,"href":"https:\/\/www.interskisrb.org.rs\/index.php?rest_route=\/wp\/v2\/pages\/1630\/revisions\/1994"}],"wp:attachment":[{"href":"https:\/\/www.interskisrb.org.rs\/index.php?rest_route=%2Fwp%2Fv2%2Fmedia&parent=1630"}],"curies":[{"name":"wp","href":"https:\/\/api.w.org\/{rel}","templated":true}]}}