{"id":1641,"date":"2022-03-22T03:04:25","date_gmt":"2022-03-22T02:04:25","guid":{"rendered":"https:\/\/www.interskisrb.org.rs\/?page_id=1641"},"modified":"2022-03-22T03:04:25","modified_gmt":"2022-03-22T02:04:25","slug":"elektronska-prijava-za-popravni-ispit","status":"publish","type":"page","link":"https:\/\/www.interskisrb.org.rs\/?page_id=1641","title":{"rendered":"\u0415\u041b\u0415\u041a\u0422\u0420\u041e\u041d\u0421\u041a\u0410 \u041f\u0420\u0418\u0408\u0410\u0412\u0410 \u0417\u0410 \u041f\u041e\u041f\u0420\u0410\u0412\u041d\u0418 \u0418\u0421\u041f\u0418\u0422"},"content":{"rendered":"\n<div class=\"wp-block-contact-form-7-contact-form-selector\">\n<div class=\"wpcf7 no-js\" id=\"wpcf7-f1640-o1\" lang=\"sr-RS\" dir=\"ltr\">\n<div class=\"screen-reader-response\"><p role=\"status\" aria-live=\"polite\" aria-atomic=\"true\"><\/p> <ul><\/ul><\/div>\n<form action=\"\/index.php?rest_route=%2Fwp%2Fv2%2Fpages%2F1641#wpcf7-f1640-o1\" method=\"post\" class=\"wpcf7-form init\" aria-label=\"Contact form\" novalidate=\"novalidate\" data-status=\"init\">\n<div style=\"display: none;\">\n<input type=\"hidden\" name=\"_wpcf7\" value=\"1640\" \/>\n<input type=\"hidden\" name=\"_wpcf7_version\" value=\"5.7.5.1\" \/>\n<input type=\"hidden\" name=\"_wpcf7_locale\" value=\"sr_RS\" \/>\n<input type=\"hidden\" name=\"_wpcf7_unit_tag\" value=\"wpcf7-f1640-o1\" \/>\n<input type=\"hidden\" name=\"_wpcf7_container_post\" value=\"0\" \/>\n<input type=\"hidden\" name=\"_wpcf7_posted_data_hash\" value=\"\" \/>\n<\/div>\n<p><label> !!!! POTREBNO JE POPUNITI SVA POLJA<br \/>\n!!! KORISTITE LATINICU SA SLOVIMA \u0160\u0161, \u0106\u0107, \u0110\u0111, \u010c\u010d<br \/>\n<label><br \/>\n<\/label><br \/>\n>>> \u041f\u043e\u043f\u0440\u0430\u0432\u043d\u0438 \u0438\u0441\u043f\u0438\u0442 \u0441\u0435 \u043f\u043e\u043b\u0430\u0436\u0435 \u0437\u0430 \u043e\u0446\u0435\u043d\u0435 \u0438\u0437:<br \/>\n1. TEHNIKE discipline (pola\u017eu se SVI likovi) - teh<br \/>\n2. PEDAGO\u0160KE PRAKSE (teorijski i prakti\u010dni deo ispita) - ppr<br \/>\n3. OCENE DEMONSTRATORA (2 dan rada na snegu u grupi) - dem<br \/>\n4. KOMPLETAN popravni ispit (teh, ppr, dem) - isp<br \/>\n5. NOSTRIFIKACIJA zvanja ste\u010denih u inostranstvu - nos<br \/>\n6. OP\u0160TI (TEORIJSKI) ispit - teo<br \/>\n<label><br \/>\n<\/label><br \/>\n\u0410\u043a\u043e \u043f\u043e\u043b\u0430\u0436\u0435\u0442\u0435 \u043f\u043e\u043f\u0440\u0430\u0432\u043d\u0438 \u0437\u0430 2 \u043e\u0446\u0435\u043d\u0435 \u043e\u043d\u0434\u0430 \u0448\u0430\u0459\u0435\u0442\u0435 \u043f\u0440\u0438\u0458\u0430\u0432\u0443 \u0437\u0430 \u0441\u0432\u0430\u043a\u0443 \u043e\u0446\u0435\u043d\u0443 \u043f\u043e\u0441\u0435\u0431\u043d\u043e.<br \/>\nA\u043a\u043e \u043f\u043e\u043b\u0430\u0436\u0435\u0442\u0435 \u043f\u043e\u043f\u0440\u0430\u0432\u043d\u0438 \u0437\u0430 \u0441\u0432\u0435 3 \u043e\u0446\u0435\u043d\u0435, \u043f\u0440\u0438\u0458\u0430\u0432\u0459\u0443\u0458\u0435\u0442\u0435 \u0441\u0435 \u0437\u0430 4. \u043e\u043f\u0446\u0438\u0458\u0443 \u041a\u041e\u041c\u041f\u041b\u0415\u0422\u0410\u041d \u043f\u043e\u043f\u0440\u0430\u0432\u043d\u0438 \u0438\u0441\u043f\u0438\u0442.<br \/>\n<\/label>\n<\/p>\n<p><label><br \/>\nime polaznika<br \/>\n<span class=\"wpcf7-form-control-wrap\" data-name=\"ime\"><input size=\"40\" class=\"wpcf7-form-control wpcf7-text wpcf7-validates-as-required\" aria-required=\"true\" aria-invalid=\"false\" placeholder=\"!!! KORISTITI \u0160\u0161, \u0106\u0107, \u0110\u0111, \u010c\u010d\" value=\"\" type=\"text\" name=\"ime\" \/><\/span><br \/>\n<\/label><br \/>\n<label><br \/>\nime jednog roditelja<br \/>\n<span class=\"wpcf7-form-control-wrap\" data-name=\"ime_rod\"><input size=\"40\" class=\"wpcf7-form-control wpcf7-text wpcf7-validates-as-required\" aria-required=\"true\" aria-invalid=\"false\" placeholder=\"!!! KORISTITI \u0160\u0161, \u0106\u0107, \u0110\u0111, \u010c\u010d\" value=\"\" type=\"text\" name=\"ime_rod\" \/><\/span><br \/>\n<\/label><br \/>\n<label><br \/>\nprezime <span class=\"wpcf7-form-control-wrap\" data-name=\"prezime\"><input size=\"40\" class=\"wpcf7-form-control wpcf7-text wpcf7-validates-as-required\" aria-required=\"true\" aria-invalid=\"false\" placeholder=\"!!! KORISTITI \u0160\u0161, \u0106\u0107, \u0110\u0111, \u010c\u010d\" value=\"\" type=\"text\" name=\"prezime\" \/><\/span><br \/>\n<\/label>\n<\/p>\n<p><label><br \/>\ndatum ro\u0111enja<br \/>\n<span class=\"wpcf7-form-control-wrap\" data-name=\"datum_rodj\"><input class=\"wpcf7-form-control wpcf7-date wpcf7-validates-as-required wpcf7-validates-as-date\" aria-required=\"true\" aria-invalid=\"false\" placeholder=\"dd.mm.gggg\" value=\"\" type=\"date\" name=\"datum_rodj\" \/><\/span><br \/>\n<\/label>\n<\/p>\n<p><label><br \/>\nbr. telefona (u formatu \"06X1234567\", osim za brojeve stranih operatera)<br \/>\n<span class=\"wpcf7-form-control-wrap\" data-name=\"telefon\"><input size=\"40\" class=\"wpcf7-form-control wpcf7-text wpcf7-tel wpcf7-validates-as-required wpcf7-validates-as-tel\" aria-required=\"true\" aria-invalid=\"false\" placeholder=\"06X1234567 ili inostrani broj +XXX...\" value=\"\" type=\"tel\" name=\"telefon\" \/><\/span><br \/>\n<\/label><br \/>\n<label><br \/>\ne-mail<br \/>\n<span class=\"wpcf7-form-control-wrap\" data-name=\"email\"><input size=\"40\" class=\"wpcf7-form-control wpcf7-text wpcf7-email wpcf7-validates-as-required wpcf7-validates-as-email\" aria-required=\"true\" aria-invalid=\"false\" value=\"\" type=\"email\" name=\"email\" \/><\/span><br \/>\n<\/label>\n<\/p>\n<p><label><br \/>\ndisciplina<br \/>\n<span class=\"wpcf7-form-control-wrap\" data-name=\"sp_discip\"><select class=\"wpcf7-form-control wpcf7-select wpcf7-validates-as-required\" aria-required=\"true\" aria-invalid=\"false\" name=\"sp_discip\"><option value=\"\">&#8212;Please choose an option&#8212;<\/option><option value=\"SKI\">SKI<\/option><option value=\"BORD\">BORD<\/option><\/select><\/span><br \/>\n<\/label><br \/>\n<label><br \/>\nnivo zvanja<br \/>\n<span class=\"wpcf7-form-control-wrap\" data-name=\"sp_stepen\"><select class=\"wpcf7-form-control wpcf7-select wpcf7-validates-as-required\" aria-required=\"true\" aria-invalid=\"false\" name=\"sp_stepen\"><option value=\"\">&#8212;Please choose an option&#8212;<\/option><option value=\"Sportski Demonstrator (240 \u010dasova obuke)\">Sportski Demonstrator (240 \u010dasova obuke)<\/option><option value=\"Sportski instruktor I (120 \u010dasova obuke)\">Sportski instruktor I (120 \u010dasova obuke)<\/option><option value=\"Sportski instruktor II (240 \u010dasova obuke)\">Sportski instruktor II (240 \u010dasova obuke)<\/option><option value=\"Sportski instruktor III-ISIA (360 \u010dasova obuke)\">Sportski instruktor III-ISIA (360 \u010dasova obuke)<\/option><\/select><\/span><br \/>\n<\/label>\n<\/p>\n<p><label><br \/>\nmesto<br \/>\n<span class=\"wpcf7-form-control-wrap\" data-name=\"mesto_isp\"><select class=\"wpcf7-form-control wpcf7-select wpcf7-validates-as-required\" aria-required=\"true\" aria-invalid=\"false\" name=\"mesto_isp\"><option value=\"\">&#8212;Please choose an option&#8212;<\/option><option value=\"KOPAONIK\">KOPAONIK<\/option><option value=\"ST. PLANINA\">ST. PLANINA<\/option><option value=\"TORNIK\">TORNIK<\/option><option value=\"NI\u0160\">NI\u0160<\/option><\/select><\/span><br \/>\n<\/label>\n<\/p>\n<p><label><br \/>\ndatum za koji se prijavljujete u okviru ponu\u0111enih perioda<br \/>\n<span class=\"wpcf7-form-control-wrap\" data-name=\"datum_isp\"><input class=\"wpcf7-form-control wpcf7-date wpcf7-validates-as-required wpcf7-validates-as-date\" aria-required=\"true\" aria-invalid=\"false\" placeholder=\"dd.mm.gggg\" value=\"\" type=\"date\" name=\"datum_isp\" \/><\/span><br \/>\n<\/label>\n<\/p>\n<p><label><br \/>\npopravni za ocenu iz:<br \/>\n<span class=\"wpcf7-form-control-wrap\" data-name=\"popravni_iz\"><select class=\"wpcf7-form-control wpcf7-select wpcf7-validates-as-required\" aria-required=\"true\" aria-invalid=\"false\" name=\"popravni_iz\"><option value=\"\">&#8212;Please choose an option&#8212;<\/option><option value=\"Tehnika (teh)\">Tehnika (teh)<\/option><option value=\"Pedago\u0161ka praksa (ppr)\">Pedago\u0161ka praksa (ppr)<\/option><option value=\"Ocena demonstratora - 2 dana (dem)\">Ocena demonstratora - 2 dana (dem)<\/option><option value=\"Kompletan ispit (isp)\">Kompletan ispit (isp)<\/option><option value=\"Nostrifikacija (nos)\">Nostrifikacija (nos)<\/option><option value=\"Op\u0161ti (teorijksi) ispit - teo\">Op\u0161ti (teorijksi) ispit - teo<\/option><\/select><\/span><br \/>\n<\/label>\n<\/p>\n<p><label><br \/>\nGodina u\u010de\u0161\u0107a na kursu<br \/>\n<span class=\"wpcf7-form-control-wrap\" data-name=\"godina_kursa\"><input size=\"40\" class=\"wpcf7-form-control wpcf7-text wpcf7-validates-as-required\" aria-required=\"true\" aria-invalid=\"false\" value=\"\" type=\"text\" name=\"godina_kursa\" \/><\/span><br \/>\n<\/label>\n<\/p>\n<p><label><br \/>\n<input class=\"wpcf7-form-control has-spinner wpcf7-submit\" type=\"submit\" value=\"PO\u0160ALJI\" \/><br \/>\n<\/label>\n<\/p><div class=\"wpcf7-response-output\" aria-hidden=\"true\"><\/div>\n<\/form>\n<\/div>\n<\/div>\n","protected":false},"excerpt":{"rendered":"","protected":false},"author":1,"featured_media":0,"parent":0,"menu_order":0,"comment_status":"closed","ping_status":"closed","template":"","meta":[],"_links":{"self":[{"href":"https:\/\/www.interskisrb.org.rs\/index.php?rest_route=\/wp\/v2\/pages\/1641"}],"collection":[{"href":"https:\/\/www.interskisrb.org.rs\/index.php?rest_route=\/wp\/v2\/pages"}],"about":[{"href":"https:\/\/www.interskisrb.org.rs\/index.php?rest_route=\/wp\/v2\/types\/page"}],"author":[{"embeddable":true,"href":"https:\/\/www.interskisrb.org.rs\/index.php?rest_route=\/wp\/v2\/users\/1"}],"replies":[{"embeddable":true,"href":"https:\/\/www.interskisrb.org.rs\/index.php?rest_route=%2Fwp%2Fv2%2Fcomments&post=1641"}],"version-history":[{"count":2,"href":"https:\/\/www.interskisrb.org.rs\/index.php?rest_route=\/wp\/v2\/pages\/1641\/revisions"}],"predecessor-version":[{"id":1645,"href":"https:\/\/www.interskisrb.org.rs\/index.php?rest_route=\/wp\/v2\/pages\/1641\/revisions\/1645"}],"wp:attachment":[{"href":"https:\/\/www.interskisrb.org.rs\/index.php?rest_route=%2Fwp%2Fv2%2Fmedia&parent=1641"}],"curies":[{"name":"wp","href":"https:\/\/api.w.org\/{rel}","templated":true}]}}